{"id":9,"date":"2019-03-06T18:09:05","date_gmt":"2019-03-06T18:09:05","guid":{"rendered":"http:\/\/widjikiwe.flywheelsites.com\/?page_id=9"},"modified":"2019-10-16T14:43:32","modified_gmt":"2019-10-16T18:43:32","slug":"accueil","status":"publish","type":"page","link":"https:\/\/widjikiwe.com\/fr\/","title":{"rendered":"Accueil"},"content":{"rendered":"[mk_page_section bg_image=\u00a0\u00bbhttps:\/\/widjikiwe.com\/wp-content\/uploads\/2019\/03\/bg-widjikiwe.jpg\u00a0\u00bb bg_position=\u00a0\u00bbcenter center\u00a0\u00bb bg_repeat=\u00a0\u00bbno-repeat\u00a0\u00bb bg_stretch=\u00a0\u00bbtrue\u00a0\u00bb min_height=\u00a0\u00bb850&Prime; full_width=\u00a0\u00bbtrue\u00a0\u00bb js_vertical_centered=\u00a0\u00bbtrue\u00a0\u00bb padding_top=\u00a0\u00bb0&Prime; padding_bottom=\u00a0\u00bb0&Prime; skip_arrow=\u00a0\u00bbtrue\u00a0\u00bb el_class=\u00a0\u00bbtop-banner\u00a0\u00bb sidebar=\u00a0\u00bbsidebar-1&Prime;][vc_column][vc_column_text align=\u00a0\u00bbcenter\u00a0\u00bb css=\u00a0\u00bb.vc_custom_1551901907279{margin-bottom: 0px !important;}\u00a0\u00bb]\n<h1>Widjikiwe <span class=\"lp-txt\">corp<\/span><\/h1>\n<p>Aujourd\u2019hui et demain, d\u00e9veloppons ensemble![\/vc_column_text][\/vc_column][\/mk_page_section][vc_row fullwidth=\u00a0\u00bbtrue\u00a0\u00bb el_class=\u00a0\u00bbsec-yellow\u00a0\u00bb][vc_column][vc_row_inner animation=\u00a0\u00bbflip-x\u00a0\u00bb][vc_column_inner el_class=\u00a0\u00bbcol-1&Prime; width=\u00a0\u00bb5\/6&Prime; css=\u00a0\u00bb.vc_custom_1551984335143{background-image: url(https:\/\/widjikiwe.com\/wp-content\/uploads\/2019\/03\/widijikiwe-propos.jpg?id=26) !important;background-position: center !important;background-repeat: no-repeat !important;background-size: cover !important;}\u00a0\u00bb][\/vc_column_inner][\/vc_row_inner][vc_row_inner animation=\u00a0\u00bbflip-y\u00a0\u00bb el_class=\u00a0\u00bbbanner-a-propos\u00a0\u00bb][vc_column_inner el_class=\u00a0\u00bbcol-2&Prime; width=\u00a0\u00bb5\/6&Prime; offset=\u00a0\u00bbvc_col-lg-offset-2 vc_col-md-offset-2 vc_col-sm-offset-2&Prime; css=\u00a0\u00bb.vc_custom_1551984340998{background-color: #404041 !important;}\u00a0\u00bb][vc_column_text css=\u00a0\u00bb.vc_custom_1553694470478{margin-bottom: 0px !important;}\u00a0\u00bb]\n<h3>\u00c0 propos de<br \/>\nWidjikiwe<\/h3>\n<div class=\"hr-titre\">\n<hr \/>\n<p><span class=\"titre\">\u00c0 propos<\/span><\/div>\n<p class=\"text-big\">La structure Widjikiwe corp cr\u00e9\u00e9e en 2018, est au c\u0153ur de la nouvelle strat\u00e9gie de d\u00e9veloppement \u00e9conomique de la communaut\u00e9 de Timiskaming First Nation. Plusieurs projets et opportunit\u00e9s sont sur la table et la communaut\u00e9 ouvre grande ses portes aux promoteurs et partenaires potentiels pour venir d\u00e9velopper ces possibilit\u00e9s d\u2019entreprises en joint-venture. Widjikiwe corp est l\u2019entit\u00e9 avec laquelle les partenariats s\u2019op\u00e9reront.<\/p>\n<p class=\"text-small\">Pour acc\u00e9der directement \u00e0 la liste des projets potentiels <a href=\"\/nos-projets\/\">appuyer ici<\/a><\/p>\n[\/vc_column_text][\/vc_column_inner][\/vc_row_inner][\/vc_column][\/vc_row][vc_row fullwidth=\u00a0\u00bbtrue\u00a0\u00bb el_class=\u00a0\u00bbsec-3&Prime; css=\u00a0\u00bb.vc_custom_1552061688713{background-image: url(https:\/\/widjikiwe.com\/wp-content\/uploads\/2019\/03\/bg-widi.png?id=53) !important;background-position: center !important;background-repeat: no-repeat !important;background-size: contain !important;}\u00a0\u00bb][vc_column][vc_row_inner][vc_column_inner el_class=\u00a0\u00bbimg-hgt\u00a0\u00bb width=\u00a0\u00bb1\/4&Prime; offset=\u00a0\u00bbvc_col-lg-offset-9 vc_col-md-offset-9 vc_col-sm-offset-9&Prime; css=\u00a0\u00bb.vc_custom_1552061794364{background-image: url(https:\/\/widjikiwe.com\/wp-content\/uploads\/2019\/03\/img-widjikiwe.jpg?id=54) !important;background-position: center !important;background-repeat: no-repeat !important;background-size: cover !important;}\u00a0\u00bb][\/vc_column_inner][\/vc_row_inner][\/vc_column][\/vc_row][vc_row fullwidth=\u00a0\u00bbtrue\u00a0\u00bb fullwidth_content=\u00a0\u00bbfalse\u00a0\u00bb animation=\u00a0\u00bbfade-in\u00a0\u00bb el_class=\u00a0\u00bbsec-mission\u00a0\u00bb css=\u00a0\u00bb.vc_custom_1553283028121{background-color: #262324 !important;}\u00a0\u00bb id=\u00a0\u00bbmission\u00a0\u00bb][vc_column][vc_row_inner][vc_column_inner][vc_column_text css=\u00a0\u00bb.vc_custom_1551992142589{margin-bottom: 0px !important;}\u00a0\u00bb]\n<h3>La mission<\/h3>\n<div class=\"hr-titre\">\n<hr \/>\n<p><span class=\"titre\">Mission<\/span><\/div>\n<p class=\"text-big\">La mission de l&rsquo;organisation est essentiellement d&rsquo;am\u00e9liorer le bien-\u00eatre g\u00e9n\u00e9ral et l&rsquo;autosuffisance de la communaut\u00e9 en cr\u00e9ant de nouvelles opportunit\u00e9s de d\u00e9veloppement \u00e9conomique qui cr\u00e9eront des emplois durables, bien r\u00e9mun\u00e9r\u00e9s et stimulants pour les r\u00e9sidents de la communaut\u00e9. <span class=\"color-txt\">La mission peut \u00eatre r\u00e9sum\u00e9e comme suit:<\/span><\/p>\n[\/vc_column_text][\/vc_column_inner][\/vc_row_inner][vc_row_inner el_class=\u00a0\u00bbmobile-bloc\u00a0\u00bb][vc_column_inner offset=\u00a0\u00bbvc_col-lg-7 vc_col-md-7&Prime;][vc_column_text el_class=\u00a0\u00bbflex-parent-mission marg\u00a0\u00bb css=\u00a0\u00bb.vc_custom_1551995509746{margin-bottom: 0px !important;}\u00a0\u00bb]\n<div class=\"child\">\n<h4>D\u00e9velopper<\/h4>\n<p>D\u00e9velopper et g\u00e9rer de nouveaux projets d\u00e9tenus \u00e0 100% par Widjikiwe corp<\/p><\/div>\n<div class=\"child\">\n<h4>Aider<\/h4>\n<p>Aider les entrepreneurs priv\u00e9s \u00e0 d\u00e9velopper des partenariats pour la cr\u00e9ation et l&rsquo;expansion de leur entreprise<\/p><\/div>\n[\/vc_column_text][vc_column_text el_class=\u00a0\u00bbflex-parent-mission\u00a0\u00bb css=\u00a0\u00bb.vc_custom_1551994229858{margin-bottom: 0px !important;}\u00a0\u00bb]\n<div class=\"child\">\n<h4>Investir<\/h4>\n<p>Investir, en partenariat avec les membres et les non-membres de la communaut\u00e9 Timiskaming First Nation, dans le d\u00e9marrage et la gestion de nouvelles entreprises.<\/p><\/div>\n<div class=\"child\">\n<h4>Cr\u00e9er<\/h4>\n<p>Cr\u00e9er, en collaboration avec les acteurs \u00e9conomiques de Timiskaming First Nation, un environnement propice au d\u00e9veloppement de l\u2019entreprenariat local.<\/p><\/div>\n[\/vc_column_text][\/vc_column_inner][\/vc_row_inner][\/vc_column][\/vc_row][vc_row fullwidth=\u00a0\u00bbtrue\u00a0\u00bb animation=\u00a0\u00bbright-to-left\u00a0\u00bb el_class=\u00a0\u00bbsec-objectifs\u00a0\u00bb][vc_column][vc_row_inner][vc_column_inner offset=\u00a0\u00bbvc_col-lg-offset-7 vc_col-lg-5 vc_col-md-offset-7 vc_col-md-5&Prime; css=\u00a0\u00bb.vc_custom_1552500214519{background-image: url(https:\/\/widjikiwe.com\/wp-content\/uploads\/2019\/03\/objectifs-strategique-jaune.jpg?id=42) !important;background-position: center !important;background-repeat: no-repeat !important;background-size: cover !important;}\u00a0\u00bb][vc_column_text css=\u00a0\u00bb.vc_custom_1551996908621{margin-bottom: 0px !important;}\u00a0\u00bb]\n<h4>Objectifs<br \/>\nstrat\u00e9giques<\/h4>\n<ul>\n<li>Promouvoir la communaut\u00e9 et mettre en place les alliances n\u00e9cessaires, y compris des coentreprises, pour d\u00e9velopper le savoir-faire dans de nouveaux secteurs d&rsquo;activit\u00e9.<\/li>\n<li>Assurer la gestion des projets en d\u00e9marrage.<\/li>\n<li>Mettre en place un conseil d\u2019administration efficace dans chacune des soci\u00e9t\u00e9s cr\u00e9\u00e9es par Widjikiwe corp ou lors du d\u00e9marrage de coentreprises.<\/li>\n<\/ul>\n[\/vc_column_text][\/vc_column_inner][\/vc_row_inner][\/vc_column][\/vc_row][vc_row fullwidth=\u00a0\u00bbtrue\u00a0\u00bb el_class=\u00a0\u00bbsec-projets\u00a0\u00bb][vc_column][vc_row_inner][vc_column_inner el_class=\u00a0\u00bbvc_col-sm-push-4&Prime; width=\u00a0\u00bb2\/3&Prime;][vc_column_text css=\u00a0\u00bb.vc_custom_1552057858008{margin-bottom: 0px !important;}\u00a0\u00bb]\n<h3>Les entreprises actuelles et projet en r\u00e9alisation<\/h3>\n<div class=\"hr-titre\">\n<hr \/>\n<p><span class=\"titre\">Nos projets<\/span><\/div>\n[\/vc_column_text][\/vc_column_inner][vc_column_inner el_class=\u00a0\u00bbcol col-1 vc_col-sm-pull-8&Prime; width=\u00a0\u00bb1\/3&Prime;][vc_column_text css=\u00a0\u00bb.vc_custom_1553694851342{margin-bottom: 0px !important;}\u00a0\u00bb]\n<div class=\"hover-box\">\n<div class=\"container\">\n<h4>Station services<\/h4>\n<p class=\"text\">Widjikiwe corp a acquis la station services P\u00e9tro Canada et projette sa mise \u00e0 niveau compl\u00e8te en 2019.<\/p>\n<div class=\"pad-top\"><a href=\"\/nos-projets\/\">+ lire la suite<\/a><\/div>\n<\/div>\n<\/div>\n[\/vc_column_text][\/vc_column_inner][\/vc_row_inner][\/vc_column][\/vc_row][vc_row fullwidth=\u00a0\u00bbtrue\u00a0\u00bb el_class=\u00a0\u00bbsec-projets sec-projets-2&Prime;][vc_column][vc_row_inner][vc_column_inner el_class=\u00a0\u00bbcol col-2&Prime; width=\u00a0\u00bb1\/3&Prime;][vc_column_text css=\u00a0\u00bb.vc_custom_1553694857686{margin-bottom: 0px !important;}\u00a0\u00bb]\n<div class=\"hover-box\">\n<div class=\"container\">\n<h4>Village Ancestral et Mus\u00e9e<\/h4>\n<p class=\"text\">Le plan d\u2019affaires du Village ancestrale et du Mus\u00e9e ont \u00e9t\u00e9 compl\u00e9t\u00e9 en 2018. Le financement de ces projets est approuv\u00e9 avec les diff\u00e9rents paliers de gouvernent et le Conseil de Bande de Timiskaming First Nation. La construction devrait d\u00e9buter en 2019.<\/p>\n<div class=\"pad-top\"><a href=\"\/nos-projets\/\">+ lire la suite<\/a><\/div>\n<\/div>\n<\/div>\n[\/vc_column_text][\/vc_column_inner][vc_column_inner el_class=\u00a0\u00bbcol col-3&Prime; width=\u00a0\u00bb1\/3&Prime;][vc_column_text css=\u00a0\u00bb.vc_custom_1553694405038{margin-bottom: 0px !important;}\u00a0\u00bb]\n<div class=\"hover-box\">\n<div class=\"container\">\n<h4>TFN Construction<\/h4>\n<p class=\"text\">La nouvelle entreprise de construction TFN construction a \u00e9t\u00e9 mise sur pied en 2018 en partenariat avec Construction Benoit Doyon. D\u00e9j\u00e0 plusieurs projets ont \u00e9t\u00e9 compl\u00e9t\u00e9 et plusieurs autres sont en cour de r\u00e9alisation.<\/p>\n<div class=\"pad-top\"><a href=\"https:\/\/tfnconstruction.flywheelsites.com\/\">+ lire la suite<\/a><\/div>\n<\/div>\n<\/div>\n[\/vc_column_text][\/vc_column_inner][vc_column_inner el_class=\u00a0\u00bbcol col-4&Prime; width=\u00a0\u00bb1\/3&Prime;][vc_column_text css=\u00a0\u00bb.vc_custom_1552328945182{margin-bottom: 0px !important;}\u00a0\u00bb]\n<div class=\"hover-box orange\"><a href=\"\/nos-projets\/\">Voir tous nos projets<\/a><\/div>\n[\/vc_column_text][\/vc_column_inner][\/vc_row_inner][\/vc_column][\/vc_row][vc_row fullwidth=\u00a0\u00bbtrue\u00a0\u00bb disable_element=\u00a0\u00bbyes\u00a0\u00bb css=\u00a0\u00bb.vc_custom_1554213882666{background-color: #262324 !important;}\u00a0\u00bb el_class=\u00a0\u00bbsec-equipe\u00a0\u00bb][vc_column][vc_column_text align=\u00a0\u00bbcenter\u00a0\u00bb css=\u00a0\u00bb.vc_custom_1552080684230{margin-bottom: 0px !important;}\u00a0\u00bb]\n<h3>Notre \u00e9quipe<\/h3>\n<div class=\"hr-titre\">\n<hr \/>\n<p><span class=\"titre\">\u00c9quipe<\/span><\/div>\n[\/vc_column_text][vc_row_inner is_fullwidth_content=\u00a0\u00bbfalse\u00a0\u00bb][vc_column_inner el_class=\u00a0\u00bbcol col-1&Prime; width=\u00a0\u00bb1\/4&Prime;][vc_column_text css=\u00a0\u00bb.vc_custom_1552320810847{margin-bottom: 0px !important;}\u00a0\u00bb]\n<div class=\"pic-employee\"><\/div>\n<div><span class=\"nom-employee\">Steve King<\/span><br \/>\n<span class=\"poste\">Directeur g\u00e9n\u00e9ral<br \/>\nWidjikiwe corp<br \/>\n<\/span><\/div>\n<div class=\"hr-sep\">\n<hr \/>\n<\/div>\n[\/vc_column_text][vc_column_text margin_bottom=\u00a0\u00bb40&Prime; el_class=\u00a0\u00bbmobile-description\u00a0\u00bb css=\u00a0\u00bb.vc_custom_1553693793045{margin-bottom: 0px !important;}\u00a0\u00bb]\n<p class=\"descp\">Le directeur g\u00e9n\u00e9ral supervise les activit\u00e9s actuelles et futur en fournissant une assistance aux responsables de chaque entreprise.<\/p>\n[\/vc_column_text][\/vc_column_inner][vc_column_inner el_class=\u00a0\u00bbcol col-2&Prime; width=\u00a0\u00bb1\/4&Prime;][vc_column_text css=\u00a0\u00bb.vc_custom_1552322278483{margin-bottom: 0px !important;}\u00a0\u00bb]\n<div class=\"pic-employee\"><\/div>\n<div><span class=\"nom-employee\">Meagan Wabie<\/span><br \/>\n<span class=\"poste\">Contr\u00f4leur financier<br \/>\nWidjikiwe corp<br \/>\n<\/span><\/div>\n<div class=\"hr-sep\">\n<hr \/>\n<\/div>\n[\/vc_column_text][vc_column_text margin_bottom=\u00a0\u00bb40&Prime; el_class=\u00a0\u00bbmobile-description\u00a0\u00bb css=\u00a0\u00bb.vc_custom_1553693825900{margin-bottom: 0px !important;}\u00a0\u00bb]\n<p class=\"descp\">Le contr\u00f4leur financier assure le financement de toutes les entreprises relevant de la structure de d\u00e9veloppement \u00e9conomique Widjikiwe corp.<\/p>\n[\/vc_column_text][\/vc_column_inner][vc_column_inner el_class=\u00a0\u00bbcol col-3&Prime; width=\u00a0\u00bb1\/4&Prime;][vc_column_text css=\u00a0\u00bb.vc_custom_1552322850555{margin-bottom: 0px !important;}\u00a0\u00bb]\n<div class=\"pic-employee\"><\/div>\n<div><span class=\"nom-employee\">Erin-Ann Baker<\/span><br \/>\n<span class=\"poste\">Assistante administrative<br \/>\nWidjikiwe corp<br \/>\n<\/span><\/div>\n<div class=\"hr-sep\">\n<hr \/>\n<\/div>\n[\/vc_column_text][vc_column_text el_class=\u00a0\u00bbmobile-description\u00a0\u00bb css=\u00a0\u00bb.vc_custom_1553693863189{margin-bottom: 0px !important;}\u00a0\u00bb]\n<p class=\"descp\">L\u2019assistant administratif assiste non seulement le directeur g\u00e9n\u00e9ral de Widjikiwe corp, mais \u00e9galement les dirigeants de chaque nouvelle soci\u00e9t\u00e9.<\/p>\n[\/vc_column_text][\/vc_column_inner][vc_column_inner el_class=\u00a0\u00bbcol col-4&Prime; width=\u00a0\u00bb1\/4&Prime;][vc_column_text css=\u00a0\u00bb.vc_custom_1553693804101{margin-bottom: 0px !important;}\u00a0\u00bb]\n<div class=\"steve sec-description\">\n<div class=\"hr-sep-descp\">\n<hr \/>\n<\/div>\n<div class=\"pic-employee\"><\/div>\n<div>\n<p><span class=\"nom-employee\">Steve King<\/span><br \/>\n<span class=\"poste\">Directeur g\u00e9n\u00e9ral<br \/>\nWidjikiwe corp<br \/>\n<\/span><\/p>\n<p class=\"descp\">Le directeur g\u00e9n\u00e9ral supervise les activit\u00e9s actuelles et futur en fournissant une assistance aux responsables de chaque entreprise.<\/p>\n<\/div>\n<\/div>\n[\/vc_column_text][vc_column_text css=\u00a0\u00bb.vc_custom_1553693835733{margin-bottom: 0px !important;}\u00a0\u00bb]\n<div class=\"meagan sec-description\">\n<div class=\"hr-sep-descp\">\n<hr \/>\n<\/div>\n<div class=\"pic-employee\"><\/div>\n<div>\n<p><span class=\"nom-employee\">Meagan Wabie<\/span><br \/>\n<span class=\"poste\">Contr\u00f4leur financier<br \/>\nWidjikiwe corp<br \/>\n<\/span><\/p>\n<p class=\"descp\">Le contr\u00f4leur financier assure le financement de toutes les entreprises relevant de la structure de d\u00e9veloppement \u00e9conomique Widjikiwe corp.<\/p>\n<\/div>\n<\/div>\n[\/vc_column_text][vc_column_text css=\u00a0\u00bb.vc_custom_1553693875278{margin-bottom: 0px !important;}\u00a0\u00bb]\n<div class=\"baker sec-description\">\n<div class=\"hr-sep-descp\">\n<hr \/>\n<\/div>\n<div class=\"pic-employee\"><\/div>\n<div>\n<p><span class=\"nom-employee\">Erin-Ann Baker<\/span><br \/>\n<span class=\"poste\">Assistante administrative<br \/>\nWidjikiwe corp<br \/>\n<\/span><\/p>\n<p class=\"descp\">L\u2019assistant administratif assiste non seulement le directeur g\u00e9n\u00e9ral de Widjikiwe corp, mais \u00e9galement les dirigeants de chaque nouvelle soci\u00e9t\u00e9.<\/p>\n<\/div>\n<\/div>\n[\/vc_column_text][\/vc_column_inner][\/vc_row_inner][\/vc_column][\/vc_row][vc_row fullwidth=\u00a0\u00bbtrue\u00a0\u00bb css=\u00a0\u00bb.vc_custom_1554213767632{background-color: #262324 !important;}\u00a0\u00bb el_class=\u00a0\u00bbsec-equipe\u00a0\u00bb id=\u00a0\u00bbequipe\u00a0\u00bb][vc_column][vc_column_text align=\u00a0\u00bbcenter\u00a0\u00bb css=\u00a0\u00bb.vc_custom_1552080684230{margin-bottom: 0px !important;}\u00a0\u00bb]\n<h3>Notre \u00e9quipe<\/h3>\n<div class=\"hr-titre\">\n<hr \/>\n<p><span class=\"titre\">\u00c9quipe<\/span><\/div>\n[\/vc_column_text][vc_row_inner is_fullwidth_content=\u00a0\u00bbfalse\u00a0\u00bb][vc_column_inner el_class=\u00a0\u00bbcol col-2&Prime; width=\u00a0\u00bb1\/2&Prime; offset=\u00a0\u00bbvc_col-lg-offset-3 vc_col-md-offset-3 vc_col-md-3&Prime;][vc_column_text css=\u00a0\u00bb.vc_custom_1552322278483{margin-bottom: 0px !important;}\u00a0\u00bb]\n<div class=\"pic-employee\"><\/div>\n<div><span class=\"nom-employee\">Meagan Wabie<\/span><br \/>\n<span class=\"poste\">Contr\u00f4leur financier<br \/>\nWidjikiwe corp<br \/>\n<\/span><\/div>\n<div class=\"hr-sep\">\n<hr \/>\n<\/div>\n[\/vc_column_text][vc_column_text margin_bottom=\u00a0\u00bb40&Prime; el_class=\u00a0\u00bbmobile-description\u00a0\u00bb css=\u00a0\u00bb.vc_custom_1553693825900{margin-bottom: 0px !important;}\u00a0\u00bb]\n<p class=\"descp\">Le contr\u00f4leur financier assure le financement de toutes les entreprises relevant de la structure de d\u00e9veloppement \u00e9conomique Widjikiwe corp.<\/p>\n[\/vc_column_text][\/vc_column_inner][vc_column_inner el_class=\u00a0\u00bbcol col-4&Prime; width=\u00a0\u00bb1\/2&Prime; offset=\u00a0\u00bbvc_col-md-3&Prime;][vc_column_text css=\u00a0\u00bb.vc_custom_1553693804101{margin-bottom: 0px !important;}\u00a0\u00bb]\n<div class=\"steve sec-description\">\n<div class=\"hr-sep-descp\">\n<hr \/>\n<\/div>\n<div class=\"pic-employee\"><\/div>\n<div>\n<p><span class=\"nom-employee\">Steve King<\/span><br \/>\n<span class=\"poste\">Directeur g\u00e9n\u00e9ral<br \/>\nWidjikiwe corp<br \/>\n<\/span><\/p>\n<p class=\"descp\">Le directeur g\u00e9n\u00e9ral supervise les activit\u00e9s actuelles et futur en fournissant une assistance aux responsables de chaque entreprise.<\/p>\n<\/div>\n<\/div>\n[\/vc_column_text][vc_column_text css=\u00a0\u00bb.vc_custom_1571153019455{margin-bottom: 0px !important;}\u00a0\u00bb]\n<div class=\"meagan sec-description\">\n<div class=\"hr-sep-descp\">\n<hr \/>\n<\/div>\n<div class=\"pic-employee\"><\/div>\n<div>\n<p><span class=\"nom-employee\">Meagan Wabie<\/span><br \/>\n<span class=\"poste\">Contr\u00f4leur financier<br \/>\nWidjikiwe corp<br \/>\n<\/span><\/p>\n<p class=\"descp\">Le contr\u00f4leur financier assure le financement de toutes les entreprises relevant de la structure de d\u00e9veloppement \u00e9conomique Widjikiwe corp.<\/p>\n<p class=\"descp\" style=\"margin-bottom: 0;\">Courriel: WidjikiweFinance@atfn.ca<\/p>\n<p class=\"descp\">T\u00e9l\u00e9phone: 819-723-2035.<\/p>\n<\/div>\n<\/div>\n[\/vc_column_text][vc_column_text css=\u00a0\u00bb.vc_custom_1553693875278{margin-bottom: 0px !important;}\u00a0\u00bb]\n<div class=\"baker sec-description\">\n<div class=\"hr-sep-descp\">\n<hr \/>\n<\/div>\n<div class=\"pic-employee\"><\/div>\n<div>\n<p><span class=\"nom-employee\">Erin-Ann Baker<\/span><br \/>\n<span class=\"poste\">Assistante administrative<br \/>\nWidjikiwe corp<br \/>\n<\/span><\/p>\n<p class=\"descp\">L\u2019assistant administratif assiste non seulement le directeur g\u00e9n\u00e9ral de Widjikiwe corp, mais \u00e9galement les dirigeants de chaque nouvelle soci\u00e9t\u00e9.<\/p>\n<\/div>\n<\/div>\n[\/vc_column_text][\/vc_column_inner][\/vc_row_inner][\/vc_column][\/vc_row]\n","protected":false},"excerpt":{"rendered":"<p>[mk_page_section bg_image=\u00a0\u00bbhttps:\/\/widjikiwe.com\/wp-content\/uploads\/2019\/03\/bg-widjikiwe.jpg\u00a0\u00bb bg_position=\u00a0\u00bbcenter center\u00a0\u00bb bg_repeat=\u00a0\u00bbno-repeat\u00a0\u00bb bg_stretch=\u00a0\u00bbtrue\u00a0\u00bb min_height=\u00a0\u00bb850&Prime; full_width=\u00a0\u00bbtrue\u00a0\u00bb js_vertical_centered=\u00a0\u00bbtrue\u00a0\u00bb padding_top=\u00a0\u00bb0&Prime; padding_bottom=\u00a0\u00bb0&Prime; skip_arrow=\u00a0\u00bbtrue\u00a0\u00bb el_class=\u00a0\u00bbtop-banner\u00a0\u00bb sidebar=\u00a0\u00bbsidebar-1&Prime;][vc_column][vc_column_text align=\u00a0\u00bbcenter\u00a0\u00bb css=\u00a0\u00bb.vc_custom_1551901907279{margin-bottom: 0px !important;}\u00a0\u00bb] Widjikiwe corp Aujourd\u2019hui et demain, d\u00e9veloppons ensemble![\/vc_column_text][\/vc_column][\/mk_page_section][vc_row fullwidth=\u00a0\u00bbtrue\u00a0\u00bb el_class=\u00a0\u00bbsec-yellow\u00a0\u00bb][vc_column][vc_row_inner animation=\u00a0\u00bbflip-x\u00a0\u00bb][vc_column_inner el_class=\u00a0\u00bbcol-1&Prime; width=\u00a0\u00bb5\/6&Prime; css=\u00a0\u00bb.vc_custom_1551984335143{background-image: url(https:\/\/widjikiwe.com\/wp-content\/uploads\/2019\/03\/widijikiwe-propos.jpg?id=26) !important;background-position: center !important;background-repeat: no-repeat !important;background-size: cover !important;}\u00a0\u00bb][\/vc_column_inner][\/vc_row_inner][vc_row_inner animation=\u00a0\u00bbflip-y\u00a0\u00bb el_class=\u00a0\u00bbbanner-a-propos\u00a0\u00bb][vc_column_inner el_class=\u00a0\u00bbcol-2&Prime; width=\u00a0\u00bb5\/6&Prime; offset=\u00a0\u00bbvc_col-lg-offset-2 vc_col-md-offset-2 vc_col-sm-offset-2&Prime; css=\u00a0\u00bb.vc_custom_1551984340998{background-color: #404041 !important;}\u00a0\u00bb][vc_column_text css=\u00a0\u00bb.vc_custom_1553694470478{margin-bottom: 0px !important;}\u00a0\u00bb] \u00c0 propos de [&hellip;]<\/p>\n","protected":false},"author":1,"featured_media":0,"parent":0,"menu_order":0,"comment_status":"closed","ping_status":"closed","template":"","meta":{"footnotes":""},"class_list":["post-9","page","type-page","status-publish","hentry"],"_links":{"self":[{"href":"https:\/\/widjikiwe.com\/fr\/wp-json\/wp\/v2\/pages\/9","targetHints":{"allow":["GET"]}}],"collection":[{"href":"https:\/\/widjikiwe.com\/fr\/wp-json\/wp\/v2\/pages"}],"about":[{"href":"https:\/\/widjikiwe.com\/fr\/wp-json\/wp\/v2\/types\/page"}],"author":[{"embeddable":true,"href":"https:\/\/widjikiwe.com\/fr\/wp-json\/wp\/v2\/users\/1"}],"replies":[{"embeddable":true,"href":"https:\/\/widjikiwe.com\/fr\/wp-json\/wp\/v2\/comments?post=9"}],"version-history":[{"count":10,"href":"https:\/\/widjikiwe.com\/fr\/wp-json\/wp\/v2\/pages\/9\/revisions"}],"predecessor-version":[{"id":217,"href":"https:\/\/widjikiwe.com\/fr\/wp-json\/wp\/v2\/pages\/9\/revisions\/217"}],"wp:attachment":[{"href":"https:\/\/widjikiwe.com\/fr\/wp-json\/wp\/v2\/media?parent=9"}],"curies":[{"name":"wp","href":"https:\/\/api.w.org\/{rel}","templated":true}]}}